{"id":46,"date":"2024-03-13T20:41:08","date_gmt":"2024-03-13T19:41:08","guid":{"rendered":"https:\/\/fumcre.org\/?page_id=46"},"modified":"2025-02-18T22:32:47","modified_gmt":"2025-02-18T21:32:47","slug":"mision","status":"publish","type":"page","link":"https:\/\/fumcre.org\/index.php\/mision\/","title":{"rendered":"Misi\u00f3n"},"content":{"rendered":"\t\t<div data-elementor-type=\"wp-page\" data-elementor-id=\"46\" class=\"elementor elementor-46\" data-elementor-post-type=\"page\">\n\t\t\t\t<div class=\"elementor-element elementor-element-7180751 e-flex e-con-boxed elementor-invisible e-con e-parent\" data-id=\"7180751\" data-element_type=\"container\" data-settings=\"{&quot;animation&quot;:&quot;fadeInUp&quot;}\">\n\t\t\t\t\t<div class=\"e-con-inner\">\n\t\t\t\t<div class=\"elementor-element elementor-element-2c109da elementor-widget elementor-widget-heading\" data-id=\"2c109da\" data-element_type=\"widget\" data-widget_type=\"heading.default\">\n\t\t\t\t<div class=\"elementor-widget-container\">\n\t\t\t\t\t<h2 class=\"elementor-heading-title elementor-size-default\">Misi\u00f3n<\/h2>\t\t\t\t<\/div>\n\t\t\t\t<\/div>\n\t\t\t\t\t<\/div>\n\t\t\t\t<\/div>\n\t\t<div class=\"elementor-element elementor-element-79e09fc e-flex e-con-boxed elementor-invisible e-con e-parent\" data-id=\"79e09fc\" data-element_type=\"container\" data-settings=\"{&quot;animation&quot;:&quot;fadeInUp&quot;}\">\n\t\t\t\t\t<div class=\"e-con-inner\">\n\t\t\t\t<div class=\"elementor-element elementor-element-7663051 elementor-widget__width-initial elementor-widget elementor-widget-image\" data-id=\"7663051\" data-element_type=\"widget\" data-widget_type=\"image.default\">\n\t\t\t\t<div class=\"elementor-widget-container\">\n\t\t\t\t\t\t\t\t\t\t\t\t\t\t\t<img fetchpriority=\"high\" decoding=\"async\" width=\"791\" height=\"1024\" src=\"https:\/\/fumcre.org\/wp-content\/uploads\/2024\/12\/Sin-titulo-1-copia-791x1024.jpg\" class=\"attachment-large size-large wp-image-181\" alt=\"\" srcset=\"https:\/\/fumcre.org\/wp-content\/uploads\/2024\/12\/Sin-titulo-1-copia-791x1024.jpg 791w, https:\/\/fumcre.org\/wp-content\/uploads\/2024\/12\/Sin-titulo-1-copia-232x300.jpg 232w, https:\/\/fumcre.org\/wp-content\/uploads\/2024\/12\/Sin-titulo-1-copia-768x994.jpg 768w, https:\/\/fumcre.org\/wp-content\/uploads\/2024\/12\/Sin-titulo-1-copia-1187x1536.jpg 1187w, https:\/\/fumcre.org\/wp-content\/uploads\/2024\/12\/Sin-titulo-1-copia-1583x2048.jpg 1583w, https:\/\/fumcre.org\/wp-content\/uploads\/2024\/12\/Sin-titulo-1-copia.jpg 1700w\" sizes=\"(max-width: 791px) 100vw, 791px\" \/>\t\t\t\t\t\t\t\t\t\t\t\t\t\t\t<\/div>\n\t\t\t\t<\/div>\n\t\t\t\t<div class=\"elementor-element elementor-element-2148592 animated-fast elementor-invisible elementor-widget elementor-widget-text-editor\" data-id=\"2148592\" data-element_type=\"widget\" data-settings=\"{&quot;_animation&quot;:&quot;fadeIn&quot;}\" data-widget_type=\"text-editor.default\">\n\t\t\t\t<div class=\"elementor-widget-container\">\n\t\t\t\t\t\t\t\t\t<p><span style=\"font-weight: 400;\">Ser una organizacio\u0301n de la sociedad civil mexicana, que actu\u0301a bajo los principios de Responsabilidad y Corresponsabilidad, Solidaridad, Independencia y Sostenibilidad, cuya misio\u0301n\u00a0 es apoyar a quienes son beneficiarios de las actividades asistenciales establecidas en nuestros estatutos, y cumplan con los requisitos para ser beneficiarios de conformidad con los Lineamientos de operacio\u0301n para proporcionar a las personas que han sido incorporadas por la Asociacio\u0301n, para que reciban los apoyos de accio\u0301n social a trave\u0301s de la realizacio\u0301n de Cirugi\u0301as Pla\u0301sticas Reconstructivas tratamientos Este\u0301ticos y las dema\u0301s que establece nuestro objetivo social de acuerdo con nuestros Estatutos.\u00a0<\/span><\/p>\t\t\t\t\t\t\t\t<\/div>\n\t\t\t\t<\/div>\n\t\t\t\t\t<\/div>\n\t\t\t\t<\/div>\n\t\t<div class=\"elementor-element elementor-element-227178e e-flex e-con-boxed elementor-invisible e-con e-parent\" data-id=\"227178e\" data-element_type=\"container\" data-settings=\"{&quot;animation&quot;:&quot;fadeInUp&quot;,&quot;background_background&quot;:&quot;classic&quot;}\">\n\t\t\t\t\t<div class=\"e-con-inner\">\n\t\t\t\t<div class=\"elementor-element elementor-element-2f687a1 elementor-widget elementor-widget-heading\" data-id=\"2f687a1\" data-element_type=\"widget\" data-widget_type=\"heading.default\">\n\t\t\t\t<div class=\"elementor-widget-container\">\n\t\t\t\t\t<h2 class=\"elementor-heading-title elementor-size-default\">Visi\u00f3n<\/h2>\t\t\t\t<\/div>\n\t\t\t\t<\/div>\n\t\t\t\t\t<\/div>\n\t\t\t\t<\/div>\n\t\t<div class=\"elementor-element elementor-element-5e8ee33 e-flex e-con-boxed elementor-invisible e-con e-parent\" data-id=\"5e8ee33\" data-element_type=\"container\" data-settings=\"{&quot;background_background&quot;:&quot;classic&quot;,&quot;animation&quot;:&quot;fadeInUp&quot;}\">\n\t\t\t\t\t<div class=\"e-con-inner\">\n\t\t\t\t<div class=\"elementor-element elementor-element-6477efe elementor-widget__width-initial elementor-widget-mobile__width-initial elementor-invisible elementor-widget elementor-widget-text-editor\" data-id=\"6477efe\" data-element_type=\"widget\" data-settings=\"{&quot;_animation&quot;:&quot;fadeIn&quot;}\" data-widget_type=\"text-editor.default\">\n\t\t\t\t<div class=\"elementor-widget-container\">\n\t\t\t\t\t\t\t\t\t<p><span style=\"font-weight: 400;\">Ser una organizacio\u0301n independiente para el desarrollo de su misio\u0301n, capaz de llegar a sus pacientes, a las nin\u0303as, nin\u0303os y adolescentes, asi\u0301 como personas que se encuentren en <\/span><span style=\"font-weight: 400;\">condicio\u0301n de vulnerabilidad, que presentan malformaciones conge\u0301nitas o adquiridas; asi\u0301 como convertirse en un referente profesional en el a\u0301mbito de la asistencia, investigacio\u0301n y procedimientos de cirugi\u0301as reconstructivas en Me\u0301xico que se adapte a los cambios y situaciones sociales de cada momento.<\/span><\/p>\t\t\t\t\t\t\t\t<\/div>\n\t\t\t\t<\/div>\n\t\t\t\t<div class=\"elementor-element elementor-element-8f233a4 animated-slow elementor-invisible elementor-widget elementor-widget-image\" data-id=\"8f233a4\" data-element_type=\"widget\" data-settings=\"{&quot;_animation&quot;:&quot;fadeIn&quot;}\" data-widget_type=\"image.default\">\n\t\t\t\t<div class=\"elementor-widget-container\">\n\t\t\t\t\t\t\t\t\t\t\t\t\t\t\t<img decoding=\"async\" width=\"800\" height=\"450\" src=\"https:\/\/fumcre.org\/wp-content\/uploads\/2024\/03\/web-1280-x-720-2-copia-1024x576.jpg\" class=\"attachment-large size-large wp-image-57\" alt=\"\" srcset=\"https:\/\/fumcre.org\/wp-content\/uploads\/2024\/03\/web-1280-x-720-2-copia-1024x576.jpg 1024w, https:\/\/fumcre.org\/wp-content\/uploads\/2024\/03\/web-1280-x-720-2-copia-300x169.jpg 300w, https:\/\/fumcre.org\/wp-content\/uploads\/2024\/03\/web-1280-x-720-2-copia-768x432.jpg 768w, https:\/\/fumcre.org\/wp-content\/uploads\/2024\/03\/web-1280-x-720-2-copia.jpg 1280w\" sizes=\"(max-width: 800px) 100vw, 800px\" \/>\t\t\t\t\t\t\t\t\t\t\t\t\t\t\t<\/div>\n\t\t\t\t<\/div>\n\t\t\t\t\t<\/div>\n\t\t\t\t<\/div>\n\t\t<div class=\"elementor-element elementor-element-0b268e5 e-flex e-con-boxed elementor-invisible e-con e-parent\" data-id=\"0b268e5\" data-element_type=\"container\" data-settings=\"{&quot;animation&quot;:&quot;fadeInUp&quot;}\">\n\t\t\t\t\t<div class=\"e-con-inner\">\n\t\t\t\t<div class=\"elementor-element elementor-element-beb933f elementor-widget elementor-widget-heading\" data-id=\"beb933f\" data-element_type=\"widget\" data-widget_type=\"heading.default\">\n\t\t\t\t<div class=\"elementor-widget-container\">\n\t\t\t\t\t<h2 class=\"elementor-heading-title elementor-size-default\">Nuestros Valores<\/h2>\t\t\t\t<\/div>\n\t\t\t\t<\/div>\n\t\t\t\t\t<\/div>\n\t\t\t\t<\/div>\n\t\t<div class=\"elementor-element elementor-element-494d589 e-grid e-con-boxed elementor-invisible e-con e-parent\" data-id=\"494d589\" data-element_type=\"container\" data-settings=\"{&quot;animation&quot;:&quot;fadeInUp&quot;}\">\n\t\t\t\t\t<div class=\"e-con-inner\">\n\t\t\t\t<div class=\"elementor-element elementor-element-4e30547 elementor-widget elementor-widget-image\" data-id=\"4e30547\" data-element_type=\"widget\" data-widget_type=\"image.default\">\n\t\t\t\t<div class=\"elementor-widget-container\">\n\t\t\t\t\t\t\t\t\t\t\t\t\t\t\t<img decoding=\"async\" width=\"800\" height=\"534\" src=\"https:\/\/fumcre.org\/wp-content\/uploads\/2024\/03\/larm-rmah-AEaTUnvneik-unsplash-1024x683.jpg\" class=\"attachment-large size-large wp-image-119\" alt=\"\" srcset=\"https:\/\/fumcre.org\/wp-content\/uploads\/2024\/03\/larm-rmah-AEaTUnvneik-unsplash-1024x683.jpg 1024w, https:\/\/fumcre.org\/wp-content\/uploads\/2024\/03\/larm-rmah-AEaTUnvneik-unsplash-300x200.jpg 300w, https:\/\/fumcre.org\/wp-content\/uploads\/2024\/03\/larm-rmah-AEaTUnvneik-unsplash-768x512.jpg 768w, https:\/\/fumcre.org\/wp-content\/uploads\/2024\/03\/larm-rmah-AEaTUnvneik-unsplash-1536x1024.jpg 1536w, https:\/\/fumcre.org\/wp-content\/uploads\/2024\/03\/larm-rmah-AEaTUnvneik-unsplash.jpg 1920w\" sizes=\"(max-width: 800px) 100vw, 800px\" \/>\t\t\t\t\t\t\t\t\t\t\t\t\t\t\t<\/div>\n\t\t\t\t<\/div>\n\t\t\t\t<div class=\"elementor-element elementor-element-95f7ecb elementor-widget elementor-widget-text-editor\" data-id=\"95f7ecb\" data-element_type=\"widget\" data-widget_type=\"text-editor.default\">\n\t\t\t\t<div class=\"elementor-widget-container\">\n\t\t\t\t\t\t\t\t\t<ul><li style=\"font-weight: 400;\" aria-level=\"1\"><span style=\"font-weight: 400;\">COMPROMISO\u00a0<\/span><\/li><li style=\"font-weight: 400;\" aria-level=\"1\"><span style=\"font-weight: 400;\">RESPONSABILIDAD\u00a0<\/span><\/li><li style=\"font-weight: 400;\" aria-level=\"1\"><span style=\"font-weight: 400;\">IGUALDAD<\/span><\/li><li style=\"font-weight: 400;\" aria-level=\"1\"><span style=\"font-weight: 400;\">GE\u0301NERO<\/span><\/li><li style=\"font-weight: 400;\" aria-level=\"1\"><span style=\"font-weight: 400;\">ASOCIACIONISMO\u00a0<\/span><\/li><li style=\"font-weight: 400;\" aria-level=\"1\"><span style=\"font-weight: 400;\">PROFESIONALIDAD<\/span><\/li><li style=\"font-weight: 400;\" aria-level=\"1\"><span style=\"font-weight: 400;\">MEJORA CONTINUA<\/span><\/li><li style=\"font-weight: 400;\" aria-level=\"1\"><span style=\"font-weight: 400;\">CORRESPONSABILIDAD\u00a0<\/span><\/li><li style=\"font-weight: 400;\" aria-level=\"1\"><span style=\"font-weight: 400;\">INDEPENDENCIA\u00a0<\/span><\/li><li style=\"font-weight: 400;\" aria-level=\"1\"><span style=\"font-weight: 400;\">SOLIDARIDAD\u00a0<\/span><\/li><li style=\"font-weight: 400;\" aria-level=\"1\"><span style=\"font-weight: 400;\">SOSTENIBILIDAD FINANCIERA<\/span><\/li><\/ul>\t\t\t\t\t\t\t\t<\/div>\n\t\t\t\t<\/div>\n\t\t\t\t\t<\/div>\n\t\t\t\t<\/div>\n\t\t<div class=\"elementor-element elementor-element-9b5e2d5 e-flex e-con-boxed e-con e-parent\" data-id=\"9b5e2d5\" data-element_type=\"container\">\n\t\t\t\t\t<div class=\"e-con-inner\">\n\t\t\t\t<div class=\"elementor-element elementor-element-369f358 elementor-widget elementor-widget-spacer\" data-id=\"369f358\" data-element_type=\"widget\" data-widget_type=\"spacer.default\">\n\t\t\t\t<div class=\"elementor-widget-container\">\n\t\t\t\t\t\t\t<div class=\"elementor-spacer\">\n\t\t\t<div class=\"elementor-spacer-inner\"><\/div>\n\t\t<\/div>\n\t\t\t\t\t\t<\/div>\n\t\t\t\t<\/div>\n\t\t\t\t\t<\/div>\n\t\t\t\t<\/div>\n\t\t<div class=\"elementor-element elementor-element-8f613b6 e-flex e-con-boxed e-con e-parent\" data-id=\"8f613b6\" data-element_type=\"container\">\n\t\t\t\t\t<div class=\"e-con-inner\">\n\t\t\t\t<div class=\"elementor-element elementor-element-b44d4bc elementor-widget elementor-widget-heading\" data-id=\"b44d4bc\" data-element_type=\"widget\" data-widget_type=\"heading.default\">\n\t\t\t\t<div class=\"elementor-widget-container\">\n\t\t\t\t\t<h2 class=\"elementor-heading-title elementor-size-default\">Nuestro apoyo a la comunidad<\/h2>\t\t\t\t<\/div>\n\t\t\t\t<\/div>\n\t\t\t\t\t<\/div>\n\t\t\t\t<\/div>\n\t\t<div class=\"elementor-element elementor-element-9e71236 e-flex e-con-boxed e-con e-parent\" data-id=\"9e71236\" data-element_type=\"container\">\n\t\t\t\t\t<div class=\"e-con-inner\">\n\t\t<div class=\"elementor-element elementor-element-b92e727 e-con-full e-flex e-con e-child\" data-id=\"b92e727\" data-element_type=\"container\">\n\t\t\t\t<div class=\"elementor-element elementor-element-eb2bf59 elementor-widget elementor-widget-heading\" data-id=\"eb2bf59\" data-element_type=\"widget\" data-widget_type=\"heading.default\">\n\t\t\t\t<div class=\"elementor-widget-container\">\n\t\t\t\t\t<h2 class=\"elementor-heading-title elementor-size-default\">Ense\u00f1anza<\/h2>\t\t\t\t<\/div>\n\t\t\t\t<\/div>\n\t\t\t\t<div class=\"elementor-element elementor-element-28e13e2 elementor-widget elementor-widget-text-editor\" data-id=\"28e13e2\" data-element_type=\"widget\" data-widget_type=\"text-editor.default\">\n\t\t\t\t<div class=\"elementor-widget-container\">\n\t\t\t\t\t\t\t\t\t<p><span style=\"font-weight: 400;\">Tenemos la participaci\u00f3n durante las jornadas de cirug\u00edas para pacientes, la presencia de voluntarios, adem\u00e1s de cirujanos pl\u00e1sticos y reconstructivos en formaci\u00f3n. Es por ello que a los voluntarios y\/o m\u00e9dicos que no cuentan con la experiencia en este tipo de procedimientos, nosotros como Fundaci\u00f3n sentimos la responsabilidad y una prioridad el entrenar a las nuevas generaciones para perpetuar estos servicios altruistas, mejorar la calidad de las t\u00e9cnicas quir\u00fargicas y fortalecer los equipos multidisciplinarios.\u00a0<\/span><\/p>\t\t\t\t\t\t\t\t<\/div>\n\t\t\t\t<\/div>\n\t\t\t\t<\/div>\n\t\t<div class=\"elementor-element elementor-element-49a878d e-con-full e-flex e-con e-child\" data-id=\"49a878d\" data-element_type=\"container\">\n\t\t\t\t<div class=\"elementor-element elementor-element-53c0215 elementor-widget elementor-widget-image\" data-id=\"53c0215\" data-element_type=\"widget\" data-widget_type=\"image.default\">\n\t\t\t\t<div class=\"elementor-widget-container\">\n\t\t\t\t\t\t\t\t\t\t\t\t\t\t\t<img loading=\"lazy\" decoding=\"async\" width=\"800\" height=\"815\" src=\"https:\/\/fumcre.org\/wp-content\/uploads\/2024\/12\/doctors-preparing-surgical-procedure-1005x1024.jpg\" class=\"attachment-large size-large wp-image-337\" alt=\"\" srcset=\"https:\/\/fumcre.org\/wp-content\/uploads\/2024\/12\/doctors-preparing-surgical-procedure-1005x1024.jpg 1005w, https:\/\/fumcre.org\/wp-content\/uploads\/2024\/12\/doctors-preparing-surgical-procedure-294x300.jpg 294w, https:\/\/fumcre.org\/wp-content\/uploads\/2024\/12\/doctors-preparing-surgical-procedure-768x783.jpg 768w, https:\/\/fumcre.org\/wp-content\/uploads\/2024\/12\/doctors-preparing-surgical-procedure-1507x1536.jpg 1507w, https:\/\/fumcre.org\/wp-content\/uploads\/2024\/12\/doctors-preparing-surgical-procedure-2010x2048.jpg 2010w\" sizes=\"(max-width: 800px) 100vw, 800px\" \/>\t\t\t\t\t\t\t\t\t\t\t\t\t\t\t<\/div>\n\t\t\t\t<\/div>\n\t\t\t\t<\/div>\n\t\t\t\t\t<\/div>\n\t\t\t\t<\/div>\n\t\t\t\t<\/div>\n\t\t","protected":false},"excerpt":{"rendered":"<p>Misi\u00f3n Ser una organizacio\u0301n de la sociedad civil mexicana, que actu\u0301a bajo los principios de Responsabilidad y Corresponsabilidad, Solidaridad, Independencia y Sostenibilidad, cuya misio\u0301n\u00a0 es apoyar a quienes son beneficiarios de las actividades asistenciales establecidas en nuestros estatutos, y cumplan con los requisitos para ser beneficiarios de conformidad con los Lineamientos de operacio\u0301n para proporcionar [&hellip;]<\/p>\n","protected":false},"author":1,"featured_media":0,"parent":0,"menu_order":0,"comment_status":"closed","ping_status":"closed","template":"","meta":{"footnotes":""},"_links":{"self":[{"href":"https:\/\/fumcre.org\/index.php\/wp-json\/wp\/v2\/pages\/46"}],"collection":[{"href":"https:\/\/fumcre.org\/index.php\/wp-json\/wp\/v2\/pages"}],"about":[{"href":"https:\/\/fumcre.org\/index.php\/wp-json\/wp\/v2\/types\/page"}],"author":[{"embeddable":true,"href":"https:\/\/fumcre.org\/index.php\/wp-json\/wp\/v2\/users\/1"}],"replies":[{"embeddable":true,"href":"https:\/\/fumcre.org\/index.php\/wp-json\/wp\/v2\/comments?post=46"}],"version-history":[{"count":52,"href":"https:\/\/fumcre.org\/index.php\/wp-json\/wp\/v2\/pages\/46\/revisions"}],"predecessor-version":[{"id":591,"href":"https:\/\/fumcre.org\/index.php\/wp-json\/wp\/v2\/pages\/46\/revisions\/591"}],"wp:attachment":[{"href":"https:\/\/fumcre.org\/index.php\/wp-json\/wp\/v2\/media?parent=46"}],"curies":[{"name":"wp","href":"https:\/\/api.w.org\/{rel}","templated":true}]}}